{"id":11579,"date":"2019-11-12T13:14:07","date_gmt":"2019-11-12T13:14:07","guid":{"rendered":"https:\/\/studiovalere.com\/contact\/"},"modified":"2023-10-27T08:11:14","modified_gmt":"2023-10-27T08:11:14","slug":"contact","status":"publish","type":"page","link":"https:\/\/studiovalere.com\/fr\/contact\/","title":{"rendered":"Contact"},"content":{"rendered":"\t\t<div data-elementor-type=\"wp-page\" data-elementor-id=\"11579\" class=\"elementor elementor-11579 elementor-2750\">\n\t\t\t\t\t\t<section class=\"elementor-section elementor-top-section elementor-element elementor-element-2b94cdb elementor-section-stretched elementor-section-boxed elementor-section-height-default elementor-section-height-default\" data-id=\"2b94cdb\" data-element_type=\"section\" data-settings=\"{&quot;stretch_section&quot;:&quot;section-stretched&quot;,&quot;background_background&quot;:&quot;classic&quot;}\">\n\t\t\t\t\t\t<div class=\"elementor-container elementor-column-gap-default\">\n\t\t\t\t\t<div class=\"elementor-column elementor-col-100 elementor-top-column elementor-element elementor-element-49b4f72\" data-id=\"49b4f72\" data-element_type=\"column\">\n\t\t\t<div class=\"elementor-widget-wrap elementor-element-populated\">\n\t\t\t\t\t\t<div class=\"elementor-element elementor-element-3cc0ceb elementor-widget elementor-widget-heading\" data-id=\"3cc0ceb\" data-element_type=\"widget\" data-widget_type=\"heading.default\">\n\t\t\t\t<div class=\"elementor-widget-container\">\n\t\t\t\t\t<h2 class=\"elementor-heading-title elementor-size-default\">Contact<\/h2>\t\t\t\t<\/div>\n\t\t\t\t<\/div>\n\t\t\t\t\t<\/div>\n\t\t<\/div>\n\t\t\t\t\t<\/div>\n\t\t<\/section>\n\t\t\t\t<section class=\"elementor-section elementor-top-section elementor-element elementor-element-1f92237 elementor-section-boxed elementor-section-height-default elementor-section-height-default\" data-id=\"1f92237\" data-element_type=\"section\">\n\t\t\t\t\t\t<div class=\"elementor-container elementor-column-gap-default\">\n\t\t\t\t\t<div class=\"elementor-column elementor-col-50 elementor-top-column elementor-element elementor-element-624cc82 elementor-hidden-phone\" data-id=\"624cc82\" data-element_type=\"column\">\n\t\t\t<div class=\"elementor-widget-wrap elementor-element-populated\">\n\t\t\t\t\t\t<div class=\"elementor-element elementor-element-0df1dae elementor-widget-divider--view-line elementor-invisible elementor-widget elementor-widget-divider\" data-id=\"0df1dae\" data-element_type=\"widget\" data-settings=\"{&quot;_animation&quot;:&quot;slideInUp&quot;,&quot;_animation_delay&quot;:200}\" data-widget_type=\"divider.default\">\n\t\t\t\t<div class=\"elementor-widget-container\">\n\t\t\t\t\t\t\t<div class=\"elementor-divider\">\n\t\t\t<span class=\"elementor-divider-separator\">\n\t\t\t\t\t\t<\/span>\n\t\t<\/div>\n\t\t\t\t\t\t<\/div>\n\t\t\t\t<\/div>\n\t\t\t\t\t<\/div>\n\t\t<\/div>\n\t\t\t\t<div class=\"elementor-column elementor-col-50 elementor-top-column elementor-element elementor-element-805539b\" data-id=\"805539b\" data-element_type=\"column\">\n\t\t\t<div class=\"elementor-widget-wrap elementor-element-populated\">\n\t\t\t\t\t\t<section class=\"elementor-section elementor-inner-section elementor-element elementor-element-fa9ec3f elementor-section-boxed elementor-section-height-default elementor-section-height-default\" data-id=\"fa9ec3f\" data-element_type=\"section\">\n\t\t\t\t\t\t<div class=\"elementor-container elementor-column-gap-default\">\n\t\t\t\t\t<div class=\"elementor-column elementor-col-100 elementor-inner-column elementor-element elementor-element-aa170fc\" data-id=\"aa170fc\" data-element_type=\"column\">\n\t\t\t<div class=\"elementor-widget-wrap elementor-element-populated\">\n\t\t\t\t\t\t<div class=\"elementor-element elementor-element-a125a7b elementor-widget elementor-widget-heading\" data-id=\"a125a7b\" data-element_type=\"widget\" data-widget_type=\"heading.default\">\n\t\t\t\t<div class=\"elementor-widget-container\">\n\t\t\t\t\t<h3 class=\"elementor-heading-title elementor-size-default\">Studio Valere se r\u00e9jouit de travailler avec vous\u00a0: \n<\/h3>\t\t\t\t<\/div>\n\t\t\t\t<\/div>\n\t\t\t\t\t<\/div>\n\t\t<\/div>\n\t\t\t\t\t<\/div>\n\t\t<\/section>\n\t\t\t\t\t<\/div>\n\t\t<\/div>\n\t\t\t\t\t<\/div>\n\t\t<\/section>\n\t\t\t\t<section class=\"elementor-section elementor-top-section elementor-element elementor-element-313f968 elementor-section-boxed elementor-section-height-default elementor-section-height-default\" data-id=\"313f968\" data-element_type=\"section\">\n\t\t\t\t\t\t<div class=\"elementor-container elementor-column-gap-default\">\n\t\t\t\t\t<div class=\"elementor-column elementor-col-50 elementor-top-column elementor-element elementor-element-5d26755\" data-id=\"5d26755\" data-element_type=\"column\" data-settings=\"{&quot;background_background&quot;:&quot;classic&quot;}\">\n\t\t\t<div class=\"elementor-widget-wrap elementor-element-populated\">\n\t\t\t\t\t\t<section class=\"elementor-section elementor-inner-section elementor-element elementor-element-d4c4c64 elementor-section-boxed elementor-section-height-default elementor-section-height-default\" data-id=\"d4c4c64\" data-element_type=\"section\">\n\t\t\t\t\t\t<div class=\"elementor-container elementor-column-gap-default\">\n\t\t\t\t\t<div class=\"elementor-column elementor-col-100 elementor-inner-column elementor-element elementor-element-b5058da\" data-id=\"b5058da\" data-element_type=\"column\">\n\t\t\t<div class=\"elementor-widget-wrap elementor-element-populated\">\n\t\t\t\t\t\t<div class=\"elementor-element elementor-element-659919a elementor-widget elementor-widget-text-editor\" data-id=\"659919a\" data-element_type=\"widget\" data-widget_type=\"text-editor.default\">\n\t\t\t\t<div class=\"elementor-widget-container\">\n\t\t\t\t\t\t\t\t\t<p>Studio Valere propose des solutions pour valoriser et renforcer votre entreprise ou votre projet\u00a0!<\/p>\t\t\t\t\t\t\t\t<\/div>\n\t\t\t\t<\/div>\n\t\t\t\t<div class=\"elementor-element elementor-element-3b8852f elementor-widget elementor-widget-text-editor\" data-id=\"3b8852f\" data-element_type=\"widget\" data-widget_type=\"text-editor.default\">\n\t\t\t\t<div class=\"elementor-widget-container\">\n\t\t\t\t\t\t\t\t\t<p><strong>Services linguistiques professionnels <\/strong><strong><strong>du fran\u00e7ais, <\/strong>de l&rsquo;allemand et de l&rsquo;anglais vers l&rsquo;italien<\/strong>. Plus particuli\u00e8rement\u00a0: <strong>traductions techniques, traductions cr\u00e9atives, traductions asserment\u00e9es, r\u00e9visions, \u00e9criture de contenus en italien<\/strong>.<\/p>\t\t\t\t\t\t\t\t<\/div>\n\t\t\t\t<\/div>\n\t\t\t\t<div class=\"elementor-element elementor-element-13320c4 elementor-widget elementor-widget-text-editor\" data-id=\"13320c4\" data-element_type=\"widget\" data-widget_type=\"text-editor.default\">\n\t\t\t\t<div class=\"elementor-widget-container\">\n\t\t\t\t\t\t\t\t\tN\u2019h\u00e9sitez pas \u00e0 me demander des renseignements compl\u00e9mentaires pour que je puisse vous \u00e9tablir un <strong>devis sans engagement<\/strong>&nbsp;!\t\t\t\t\t\t\t\t<\/div>\n\t\t\t\t<\/div>\n\t\t\t\t<div class=\"elementor-element elementor-element-45997d4 elementor-widget elementor-widget-text-editor\" data-id=\"45997d4\" data-element_type=\"widget\" data-widget_type=\"text-editor.default\">\n\t\t\t\t<div class=\"elementor-widget-container\">\n\t\t\t\t\t\t\t\t\t<p>Envoyez-moi un mail, appelez-moi ou utilisez le formulaire de contact.<\/p>\t\t\t\t\t\t\t\t<\/div>\n\t\t\t\t<\/div>\n\t\t\t\t<div class=\"elementor-element elementor-element-5f26b79 elementor-widget elementor-widget-text-editor\" data-id=\"5f26b79\" data-element_type=\"widget\" data-widget_type=\"text-editor.default\">\n\t\t\t\t<div class=\"elementor-widget-container\">\n\t\t\t\t\t\t\t\t\tJe reviendrai vers vous dans les plus brefs d\u00e9lais pour que nous puissions nous mettre au travail sans tarder&nbsp;!\t\t\t\t\t\t\t\t<\/div>\n\t\t\t\t<\/div>\n\t\t\t\t<div class=\"elementor-element elementor-element-85252c9 elementor-widget elementor-widget-image\" data-id=\"85252c9\" data-element_type=\"widget\" data-widget_type=\"image.default\">\n\t\t\t\t<div class=\"elementor-widget-container\">\n\t\t\t\t\t\t\t\t\t\t\t\t\t\t\t<img decoding=\"async\" width=\"400\" height=\"104\" src=\"https:\/\/studiovalere.com\/wp-content\/uploads\/2020\/01\/sv-logo.png\" class=\"attachment-large size-large wp-image-10357\" alt=\"\" srcset=\"https:\/\/studiovalere.com\/wp-content\/uploads\/2020\/01\/sv-logo.png 400w, https:\/\/studiovalere.com\/wp-content\/uploads\/2020\/01\/sv-logo-300x78.png 300w\" sizes=\"(max-width: 400px) 100vw, 400px\" \/>\t\t\t\t\t\t\t\t\t\t\t\t\t\t\t<\/div>\n\t\t\t\t<\/div>\n\t\t\t\t<div class=\"elementor-element elementor-element-b9cee43 elementor-widget elementor-widget-heading\" data-id=\"b9cee43\" data-element_type=\"widget\" data-widget_type=\"heading.default\">\n\t\t\t\t<div class=\"elementor-widget-container\">\n\t\t\t\t\t<h4 class=\"elementor-heading-title elementor-size-default\"><br>Studio Valere di Valeria Mazza\nServices linguistiques<\/h4>\t\t\t\t<\/div>\n\t\t\t\t<\/div>\n\t\t\t\t<div class=\"elementor-element elementor-element-6df3b65 elementor-widget elementor-widget-text-editor\" data-id=\"6df3b65\" data-element_type=\"widget\" data-widget_type=\"text-editor.default\">\n\t\t\t\t<div class=\"elementor-widget-container\">\n\t\t\t\t\t\t\t\t\t<p><strong>Bureau:<\/strong> Milano \/ Italia<br \/><strong>Portable:<\/strong> +39 339 1275178\u00a0<br \/><strong>E-mail:<\/strong> <img decoding=\"async\" style=\"margin-top: -1px;\" src=\"https:\/\/studiovalere.com\/wp-content\/uploads\/2023\/10\/mail1.jpg\" \/><br \/><strong>Membre ordinaire de l\u2019AITI <\/strong>N\u00b0 212035<br \/><strong>VAT:<\/strong> IT02584480343<\/p><p>Traducteur ind\u00e9pendant professionnel en vertu de la loi N\u00b0 4 du 14\/01\/2013, publi\u00e9 dans la \u00ab\u00a0Gazzetta Ufficiale\u00a0\u00bb N\u00b0 22 du 26\/01\/2013<\/p>\t\t\t\t\t\t\t\t<\/div>\n\t\t\t\t<\/div>\n\t\t\t\t<div class=\"elementor-element elementor-element-01f77a3 elementor-widget elementor-widget-image\" data-id=\"01f77a3\" data-element_type=\"widget\" data-widget_type=\"image.default\">\n\t\t\t\t<div class=\"elementor-widget-container\">\n\t\t\t\t\t\t\t\t\t\t\t\t\t\t\t\t<a href=\"https:\/\/www.proz.com\/translator\/96755\" target=\"_blank\">\n\t\t\t\t\t\t\t<img decoding=\"async\" width=\"50\" height=\"50\" src=\"https:\/\/studiovalere.com\/wp-content\/uploads\/2019\/09\/proz.png\" class=\"attachment-large size-large wp-image-10648\" alt=\"\" \/>\t\t\t\t\t\t\t\t<\/a>\n\t\t\t\t\t\t\t\t\t\t\t\t\t\t\t<\/div>\n\t\t\t\t<\/div>\n\t\t\t\t<div class=\"elementor-element elementor-element-6a9b272 elementor-widget elementor-widget-image\" data-id=\"6a9b272\" data-element_type=\"widget\" data-widget_type=\"image.default\">\n\t\t\t\t<div class=\"elementor-widget-container\">\n\t\t\t\t\t\t\t\t\t\t\t\t\t\t\t\t<a href=\"https:\/\/www.linkedin.com\/in\/valeria-mazza-5919572\/?locale=it_IT\" target=\"_blank\">\n\t\t\t\t\t\t\t<img decoding=\"async\" width=\"50\" height=\"50\" src=\"https:\/\/studiovalere.com\/wp-content\/uploads\/2019\/09\/linkedin.png\" class=\"attachment-large size-large wp-image-10647\" alt=\"\" \/>\t\t\t\t\t\t\t\t<\/a>\n\t\t\t\t\t\t\t\t\t\t\t\t\t\t\t<\/div>\n\t\t\t\t<\/div>\n\t\t\t\t\t<\/div>\n\t\t<\/div>\n\t\t\t\t\t<\/div>\n\t\t<\/section>\n\t\t\t\t\t<\/div>\n\t\t<\/div>\n\t\t\t\t<div class=\"elementor-column elementor-col-50 elementor-top-column elementor-element elementor-element-ccc0eb6\" data-id=\"ccc0eb6\" data-element_type=\"column\">\n\t\t\t<div class=\"elementor-widget-wrap elementor-element-populated\">\n\t\t\t\t\t\t<div class=\"elementor-element elementor-element-c123f4c elementor-widget elementor-widget-void-section-cf7\" data-id=\"c123f4c\" data-element_type=\"widget\" data-widget_type=\"void-section-cf7.default\">\n\t\t\t\t<div class=\"elementor-widget-container\">\n\t\t\t\t\t<div class=\"void-cf7-form-widget-wrapper elementor-shortcode void-cf7-0\" data-void-cf7-contact-form-id=\"11582\">\n<div class=\"wpcf7 no-js\" id=\"wpcf7-f11582-o1\" lang=\"en-US\" dir=\"ltr\" data-wpcf7-id=\"11582\">\n<div class=\"screen-reader-response\"><p role=\"status\" aria-live=\"polite\" aria-atomic=\"true\"><\/p> <ul><\/ul><\/div>\n<form action=\"\/fr\/wp-json\/wp\/v2\/pages\/11579#wpcf7-f11582-o1\" method=\"post\" class=\"wpcf7-form init\" aria-label=\"Contact form\" novalidate=\"novalidate\" data-status=\"init\">\n<div style=\"display: none;\">\n<input type=\"hidden\" name=\"_wpcf7\" value=\"11582\" \/>\n<input type=\"hidden\" name=\"_wpcf7_version\" value=\"6.0.3\" \/>\n<input type=\"hidden\" name=\"_wpcf7_locale\" value=\"en_US\" \/>\n<input type=\"hidden\" name=\"_wpcf7_unit_tag\" value=\"wpcf7-f11582-o1\" \/>\n<input type=\"hidden\" name=\"_wpcf7_container_post\" value=\"0\" \/>\n<input type=\"hidden\" name=\"_wpcf7_posted_data_hash\" value=\"\" \/>\n<\/div>\n<div class=\"contact-us\">\n\t<div class=\"row\">\n\t\t<div class=\"col-md-12\">\n\t\t\t<p><span class=\"wpcf7-form-control-wrap\" data-name=\"text-970\"><input size=\"40\" maxlength=\"400\" class=\"wpcf7-form-control wpcf7-text wpcf7-validates-as-required\" aria-required=\"true\" aria-invalid=\"false\" placeholder=\"Coordonn\u00e9es\" value=\"\" type=\"text\" name=\"text-970\" \/><\/span>\n\t\t\t<\/p>\n\t\t<\/div>\n\t\t<div class=\"col-md-6\">\n\t\t\t<p><span class=\"wpcf7-form-control-wrap\" data-name=\"email-66\"><input size=\"40\" maxlength=\"400\" class=\"wpcf7-form-control wpcf7-email wpcf7-validates-as-required wpcf7-text wpcf7-validates-as-email\" aria-required=\"true\" aria-invalid=\"false\" placeholder=\"Adresse e-mail\" value=\"\" type=\"email\" name=\"email-66\" \/><\/span>\n\t\t\t<\/p>\n\t\t<\/div>\n\t\t<div class=\"col-md-6\">\n\t\t\t<p><span class=\"wpcf7-form-control-wrap\" data-name=\"text-262\"><input size=\"40\" maxlength=\"400\" class=\"wpcf7-form-control wpcf7-text\" aria-invalid=\"false\" placeholder=\"No de t\u00e9l.\" value=\"\" type=\"text\" name=\"text-262\" \/><\/span>\n\t\t\t<\/p>\n\t\t<\/div>\n\t\t<div class=\"col-md-12\">\n\t\t\t<p><span class=\"wpcf7-form-control-wrap\" data-name=\"textarea-669\"><textarea cols=\"40\" rows=\"10\" maxlength=\"2000\" class=\"wpcf7-form-control wpcf7-textarea wpcf7-validates-as-required\" aria-required=\"true\" aria-invalid=\"false\" placeholder=\"Message\" name=\"textarea-669\"><\/textarea><\/span>\n\t\t\t<\/p>\n\t\t<\/div>\n\t\t<div class=\"col-md-12\">\n\t\t\t<p><span class=\"wpcf7-form-control-wrap kc_captcha\" data-name=\"kc_captcha\"><span class=\"wpcf7-form-control wpcf7-radio\"><span class=\"captcha-image\" ><span class=\"cf7ic_instructions\">Please prove you are human by selecting the<span> truck<\/span>.<\/span><label><input aria-label=\"1\" type=\"radio\" name=\"kc_captcha\" value=\"bot\" \/><svg width=\"50\" height=\"50\" aria-hidden=\"true\" role=\"img\" xmlns=\"http:\/\/www.w3.org\/2000\/svg\" viewBox=\"0 0 512 512\"><path fill=\"currentColor\" d=\"M500 168h-55l-8-21a127 127 0 00-120-83H195a127 127 0 00-120 83l-8 21H12c-8 0-14 8-11 16l8 24a12 12 0 0011 8h29a64 64 0 00-33 56v48c0 16 6 31 16 42v62c0 13 11 24 24 24h48c13 0 24-11 24-24v-40h256v40c0 13 11 24 24 24h48c13 0 24-11 24-24v-62c10-11 16-26 16-42v-48c0-24-13-45-33-56h29a12 12 0 0011-8l8-24c3-8-3-16-11-16zm-365 2c9-25 33-42 60-42h122c27 0 51 17 60 42l15 38H120l15-38zM88 328a32 32 0 010-64c18 0 48 30 48 48s-30 16-48 16zm336 0c-18 0-48 2-48-16s30-48 48-48 32 14 32 32-14 32-32 32z\"\/><\/svg><\/label><label><input aria-label=\"2\" type=\"radio\" name=\"kc_captcha\" value=\"kc_human\" \/><svg width=\"50\" height=\"50\" aria-hidden=\"true\" role=\"img\" xmlns=\"http:\/\/www.w3.org\/2000\/svg\" viewBox=\"0 0 640 512\"><path fill=\"currentColor\" d=\"M624 352h-16V244c0-13-5-25-14-34L494 110c-9-9-21-14-34-14h-44V48c0-26-21-48-48-48H48C22 0 0 22 0 48v320c0 27 22 48 48 48h16a96 96 0 00192 0h128a96 96 0 00192 0h48c9 0 16-7 16-16v-32c0-9-7-16-16-16zM160 464a48 48 0 110-96 48 48 0 010 96zm320 0a48 48 0 110-96 48 48 0 010 96zm80-208H416V144h44l100 100v12z\"\/><\/svg><\/label><label><input aria-label=\"3\" type=\"radio\" name=\"kc_captcha\" value=\"bot\" \/><svg width=\"50\" height=\"50\" aria-hidden=\"true\" role=\"img\" xmlns=\"http:\/\/www.w3.org\/2000\/svg\" viewBox=\"0 0 576 512\"><path fill=\"currentColor\" d=\"M472 200H360L256 6a12 12 0 00-10-6h-58c-8 0-14 7-12 15l34 185H100l-35-58a12 12 0 00-10-6H12c-8 0-13 7-12 14l21 106L0 362c-1 7 4 14 12 14h43c4 0 8-2 10-6l35-58h110l-34 185c-2 8 4 15 12 15h58a12 12 0 0010-6l104-194h112c57 0 104-25 104-56s-47-56-104-56z\"\/><\/svg><\/label>\r\n    <\/span>\r\n    <span style=\"display:none\">\r\n        <input type=\"text\" name=\"kc_honeypot\">\r\n    <\/span><\/span><\/span>\n\t\t\t<\/p>\n\t\t<\/div>\n\t\t<div class=\"col-md-12\">\n\t\t\t<div class=\"subscribe-btn\">\n\t\t\t\t<p><span class=\"btn-line-holder\"><\/span><input class=\"wpcf7-form-control wpcf7-submit has-spinner\" type=\"submit\" value=\"Envoyer\" \/>\n\t\t\t\t<\/p>\n\t\t\t<\/div>\n\t\t<\/div>\n\t<\/div>\n<\/div><div class=\"wpcf7-response-output\" aria-hidden=\"true\"><\/div>\n<\/form>\n<\/div>\n<\/div> \t\t\t<script>\r\n \t\t\t        var theform = document.querySelector('.void-cf7-0');\r\n\t\t\t\t\t\ttheform.addEventListener( 'wpcf7mailsent', function( event ) {\r\n\t\t\t\t\t    location = 'https:\/\/studiovalere.com\/fr\/contact\/';\r\n\t\t\t\t\t}, false );\r\n\t\t\t<\/script>\r\n\r\n\t\t\t\t\t\t<\/div>\n\t\t\t\t<\/div>\n\t\t\t\t\t<\/div>\n\t\t<\/div>\n\t\t\t\t\t<\/div>\n\t\t<\/section>\n\t\t\t\t<\/div>\n\t\t","protected":false},"excerpt":{"rendered":"<p>Contact Studio Valere se r\u00e9jouit de travailler avec vous\u00a0: Studio Valere propose des solutions pour valoriser et renforcer votre entreprise ou votre projet\u00a0! Services linguistiques professionnels du fran\u00e7ais, de l&rsquo;allemand et de l&rsquo;anglais vers l&rsquo;italien. Plus particuli\u00e8rement\u00a0: traductions techniques, traductions cr\u00e9atives, traductions asserment\u00e9es, r\u00e9visions, \u00e9criture de contenus en italien. N\u2019h\u00e9sitez pas \u00e0 me demander des [&hellip;]<\/p>\n","protected":false},"author":1,"featured_media":0,"parent":0,"menu_order":0,"comment_status":"closed","ping_status":"closed","template":"elementor_header_footer","meta":{"footnotes":""},"class_list":["post-11579","page","type-page","status-publish","hentry"],"yoast_head":"<!-- This site is optimized with the Yoast SEO plugin v24.3 - https:\/\/yoast.com\/wordpress\/plugins\/seo\/ -->\n<title>Studio Valere : services linguistiques fran\u00e7ais, allemand, anglais &gt; italien<\/title>\n<meta name=\"description\" content=\"Contactez-nous d\u00e8s maintenant et sans engagement : renseignements, services linguistiques et traductions du fran\u00e7ais vers l&#039;italien.\" \/>\n<meta name=\"robots\" content=\"index, follow, max-snippet:-1, max-image-preview:large, max-video-preview:-1\" \/>\n<link rel=\"canonical\" href=\"https:\/\/studiovalere.com\/it\/contatti\/\" \/>\n<meta property=\"og:locale\" content=\"fr_FR\" \/>\n<meta property=\"og:type\" content=\"article\" \/>\n<meta property=\"og:title\" content=\"Studio Valere : services linguistiques fran\u00e7ais, allemand, anglais &gt; italien\" \/>\n<meta property=\"og:description\" content=\"Contactez-nous d\u00e8s maintenant et sans engagement : renseignements, services linguistiques et traductions du fran\u00e7ais vers l&#039;italien.\" \/>\n<meta property=\"og:url\" content=\"https:\/\/studiovalere.com\/it\/contatti\/\" \/>\n<meta property=\"og:site_name\" content=\"Studio Valere\" \/>\n<meta property=\"article:modified_time\" content=\"2023-10-27T08:11:14+00:00\" \/>\n<meta property=\"og:image\" content=\"https:\/\/studiovalere.com\/wp-content\/uploads\/2020\/01\/sv-logo.png\" \/>\n<meta name=\"twitter:card\" content=\"summary_large_image\" \/>\n<meta name=\"twitter:label1\" content=\"Dur\u00e9e de lecture estim\u00e9e\" \/>\n\t<meta name=\"twitter:data1\" content=\"2 minutes\" \/>\n<script type=\"application\/ld+json\" class=\"yoast-schema-graph\">{\"@context\":\"https:\/\/schema.org\",\"@graph\":[{\"@type\":\"WebPage\",\"@id\":\"https:\/\/studiovalere.com\/it\/contatti\/\",\"url\":\"https:\/\/studiovalere.com\/it\/contatti\/\",\"name\":\"Studio Valere : services linguistiques fran\u00e7ais, allemand, anglais > italien\",\"isPartOf\":{\"@id\":\"https:\/\/studiovalere.com\/#website\"},\"primaryImageOfPage\":{\"@id\":\"https:\/\/studiovalere.com\/it\/contatti\/#primaryimage\"},\"image\":{\"@id\":\"https:\/\/studiovalere.com\/it\/contatti\/#primaryimage\"},\"thumbnailUrl\":\"https:\/\/studiovalere.com\/wp-content\/uploads\/2020\/01\/sv-logo.png\",\"datePublished\":\"2019-11-12T13:14:07+00:00\",\"dateModified\":\"2023-10-27T08:11:14+00:00\",\"description\":\"Contactez-nous d\u00e8s maintenant et sans engagement : renseignements, services linguistiques et traductions du fran\u00e7ais vers l'italien.\",\"breadcrumb\":{\"@id\":\"https:\/\/studiovalere.com\/it\/contatti\/#breadcrumb\"},\"inLanguage\":\"fr-FR\",\"potentialAction\":[{\"@type\":\"ReadAction\",\"target\":[\"https:\/\/studiovalere.com\/it\/contatti\/\"]}]},{\"@type\":\"ImageObject\",\"inLanguage\":\"fr-FR\",\"@id\":\"https:\/\/studiovalere.com\/it\/contatti\/#primaryimage\",\"url\":\"https:\/\/studiovalere.com\/wp-content\/uploads\/2020\/01\/sv-logo.png\",\"contentUrl\":\"https:\/\/studiovalere.com\/wp-content\/uploads\/2020\/01\/sv-logo.png\"},{\"@type\":\"BreadcrumbList\",\"@id\":\"https:\/\/studiovalere.com\/it\/contatti\/#breadcrumb\",\"itemListElement\":[{\"@type\":\"ListItem\",\"position\":1,\"name\":\"Home\",\"item\":\"https:\/\/studiovalere.com\/fr\/\"},{\"@type\":\"ListItem\",\"position\":2,\"name\":\"Contact\"}]},{\"@type\":\"WebSite\",\"@id\":\"https:\/\/studiovalere.com\/#website\",\"url\":\"https:\/\/studiovalere.com\/\",\"name\":\"Studio Valere\",\"description\":\"Effective Italian translations\",\"potentialAction\":[{\"@type\":\"SearchAction\",\"target\":{\"@type\":\"EntryPoint\",\"urlTemplate\":\"https:\/\/studiovalere.com\/?s={search_term_string}\"},\"query-input\":{\"@type\":\"PropertyValueSpecification\",\"valueRequired\":true,\"valueName\":\"search_term_string\"}}],\"inLanguage\":\"fr-FR\"}]}<\/script>\n<!-- \/ Yoast SEO plugin. -->","yoast_head_json":{"title":"Studio Valere : services linguistiques fran\u00e7ais, allemand, anglais > italien","description":"Contactez-nous d\u00e8s maintenant et sans engagement : renseignements, services linguistiques et traductions du fran\u00e7ais vers l'italien.","robots":{"index":"index","follow":"follow","max-snippet":"max-snippet:-1","max-image-preview":"max-image-preview:large","max-video-preview":"max-video-preview:-1"},"canonical":"https:\/\/studiovalere.com\/it\/contatti\/","og_locale":"fr_FR","og_type":"article","og_title":"Studio Valere : services linguistiques fran\u00e7ais, allemand, anglais > italien","og_description":"Contactez-nous d\u00e8s maintenant et sans engagement : renseignements, services linguistiques et traductions du fran\u00e7ais vers l'italien.","og_url":"https:\/\/studiovalere.com\/it\/contatti\/","og_site_name":"Studio Valere","article_modified_time":"2023-10-27T08:11:14+00:00","og_image":[{"url":"https:\/\/studiovalere.com\/wp-content\/uploads\/2020\/01\/sv-logo.png","type":"","width":"","height":""}],"twitter_card":"summary_large_image","twitter_misc":{"Dur\u00e9e de lecture estim\u00e9e":"2 minutes"},"schema":{"@context":"https:\/\/schema.org","@graph":[{"@type":"WebPage","@id":"https:\/\/studiovalere.com\/it\/contatti\/","url":"https:\/\/studiovalere.com\/it\/contatti\/","name":"Studio Valere : services linguistiques fran\u00e7ais, allemand, anglais > italien","isPartOf":{"@id":"https:\/\/studiovalere.com\/#website"},"primaryImageOfPage":{"@id":"https:\/\/studiovalere.com\/it\/contatti\/#primaryimage"},"image":{"@id":"https:\/\/studiovalere.com\/it\/contatti\/#primaryimage"},"thumbnailUrl":"https:\/\/studiovalere.com\/wp-content\/uploads\/2020\/01\/sv-logo.png","datePublished":"2019-11-12T13:14:07+00:00","dateModified":"2023-10-27T08:11:14+00:00","description":"Contactez-nous d\u00e8s maintenant et sans engagement : renseignements, services linguistiques et traductions du fran\u00e7ais vers l'italien.","breadcrumb":{"@id":"https:\/\/studiovalere.com\/it\/contatti\/#breadcrumb"},"inLanguage":"fr-FR","potentialAction":[{"@type":"ReadAction","target":["https:\/\/studiovalere.com\/it\/contatti\/"]}]},{"@type":"ImageObject","inLanguage":"fr-FR","@id":"https:\/\/studiovalere.com\/it\/contatti\/#primaryimage","url":"https:\/\/studiovalere.com\/wp-content\/uploads\/2020\/01\/sv-logo.png","contentUrl":"https:\/\/studiovalere.com\/wp-content\/uploads\/2020\/01\/sv-logo.png"},{"@type":"BreadcrumbList","@id":"https:\/\/studiovalere.com\/it\/contatti\/#breadcrumb","itemListElement":[{"@type":"ListItem","position":1,"name":"Home","item":"https:\/\/studiovalere.com\/fr\/"},{"@type":"ListItem","position":2,"name":"Contact"}]},{"@type":"WebSite","@id":"https:\/\/studiovalere.com\/#website","url":"https:\/\/studiovalere.com\/","name":"Studio Valere","description":"Effective Italian translations","potentialAction":[{"@type":"SearchAction","target":{"@type":"EntryPoint","urlTemplate":"https:\/\/studiovalere.com\/?s={search_term_string}"},"query-input":{"@type":"PropertyValueSpecification","valueRequired":true,"valueName":"search_term_string"}}],"inLanguage":"fr-FR"}]}},"_links":{"self":[{"href":"https:\/\/studiovalere.com\/fr\/wp-json\/wp\/v2\/pages\/11579","targetHints":{"allow":["GET"]}}],"collection":[{"href":"https:\/\/studiovalere.com\/fr\/wp-json\/wp\/v2\/pages"}],"about":[{"href":"https:\/\/studiovalere.com\/fr\/wp-json\/wp\/v2\/types\/page"}],"author":[{"embeddable":true,"href":"https:\/\/studiovalere.com\/fr\/wp-json\/wp\/v2\/users\/1"}],"replies":[{"embeddable":true,"href":"https:\/\/studiovalere.com\/fr\/wp-json\/wp\/v2\/comments?post=11579"}],"version-history":[{"count":18,"href":"https:\/\/studiovalere.com\/fr\/wp-json\/wp\/v2\/pages\/11579\/revisions"}],"predecessor-version":[{"id":12512,"href":"https:\/\/studiovalere.com\/fr\/wp-json\/wp\/v2\/pages\/11579\/revisions\/12512"}],"wp:attachment":[{"href":"https:\/\/studiovalere.com\/fr\/wp-json\/wp\/v2\/media?parent=11579"}],"curies":[{"name":"wp","href":"https:\/\/api.w.org\/{rel}","templated":true}]}}