{"id":11527,"date":"2019-11-12T13:14:07","date_gmt":"2019-11-12T13:14:07","guid":{"rendered":"https:\/\/studiovalere.com\/contact\/"},"modified":"2023-10-27T08:11:53","modified_gmt":"2023-10-27T08:11:53","slug":"kontakt","status":"publish","type":"page","link":"https:\/\/studiovalere.com\/de\/kontakt\/","title":{"rendered":"Kontakt"},"content":{"rendered":"\t\t<div data-elementor-type=\"wp-page\" data-elementor-id=\"11527\" class=\"elementor elementor-11527 elementor-2750\">\n\t\t\t\t\t\t<section class=\"elementor-section elementor-top-section elementor-element elementor-element-2b94cdb elementor-section-stretched elementor-section-boxed elementor-section-height-default elementor-section-height-default\" data-id=\"2b94cdb\" data-element_type=\"section\" data-settings=\"{&quot;stretch_section&quot;:&quot;section-stretched&quot;,&quot;background_background&quot;:&quot;classic&quot;}\">\n\t\t\t\t\t\t<div class=\"elementor-container elementor-column-gap-default\">\n\t\t\t\t\t<div class=\"elementor-column elementor-col-100 elementor-top-column elementor-element elementor-element-49b4f72\" data-id=\"49b4f72\" data-element_type=\"column\">\n\t\t\t<div class=\"elementor-widget-wrap elementor-element-populated\">\n\t\t\t\t\t\t<div class=\"elementor-element elementor-element-3cc0ceb elementor-widget elementor-widget-heading\" data-id=\"3cc0ceb\" data-element_type=\"widget\" data-widget_type=\"heading.default\">\n\t\t\t\t<div class=\"elementor-widget-container\">\n\t\t\t\t\t<h2 class=\"elementor-heading-title elementor-size-default\">Kontakt<\/h2>\t\t\t\t<\/div>\n\t\t\t\t<\/div>\n\t\t\t\t\t<\/div>\n\t\t<\/div>\n\t\t\t\t\t<\/div>\n\t\t<\/section>\n\t\t\t\t<section class=\"elementor-section elementor-top-section elementor-element elementor-element-1f92237 elementor-section-boxed elementor-section-height-default elementor-section-height-default\" data-id=\"1f92237\" data-element_type=\"section\">\n\t\t\t\t\t\t<div class=\"elementor-container elementor-column-gap-default\">\n\t\t\t\t\t<div class=\"elementor-column elementor-col-50 elementor-top-column elementor-element elementor-element-624cc82 elementor-hidden-phone\" data-id=\"624cc82\" data-element_type=\"column\">\n\t\t\t<div class=\"elementor-widget-wrap elementor-element-populated\">\n\t\t\t\t\t\t<div class=\"elementor-element elementor-element-0df1dae elementor-widget-divider--view-line elementor-invisible elementor-widget elementor-widget-divider\" data-id=\"0df1dae\" data-element_type=\"widget\" data-settings=\"{&quot;_animation&quot;:&quot;slideInUp&quot;,&quot;_animation_delay&quot;:200}\" data-widget_type=\"divider.default\">\n\t\t\t\t<div class=\"elementor-widget-container\">\n\t\t\t\t\t\t\t<div class=\"elementor-divider\">\n\t\t\t<span class=\"elementor-divider-separator\">\n\t\t\t\t\t\t<\/span>\n\t\t<\/div>\n\t\t\t\t\t\t<\/div>\n\t\t\t\t<\/div>\n\t\t\t\t\t<\/div>\n\t\t<\/div>\n\t\t\t\t<div class=\"elementor-column elementor-col-50 elementor-top-column elementor-element elementor-element-805539b\" data-id=\"805539b\" data-element_type=\"column\">\n\t\t\t<div class=\"elementor-widget-wrap elementor-element-populated\">\n\t\t\t\t\t\t<section class=\"elementor-section elementor-inner-section elementor-element elementor-element-fa9ec3f elementor-section-boxed elementor-section-height-default elementor-section-height-default\" data-id=\"fa9ec3f\" data-element_type=\"section\">\n\t\t\t\t\t\t<div class=\"elementor-container elementor-column-gap-default\">\n\t\t\t\t\t<div class=\"elementor-column elementor-col-100 elementor-inner-column elementor-element elementor-element-aa170fc\" data-id=\"aa170fc\" data-element_type=\"column\">\n\t\t\t<div class=\"elementor-widget-wrap elementor-element-populated\">\n\t\t\t\t\t\t<div class=\"elementor-element elementor-element-a125a7b elementor-widget elementor-widget-heading\" data-id=\"a125a7b\" data-element_type=\"widget\" data-widget_type=\"heading.default\">\n\t\t\t\t<div class=\"elementor-widget-container\">\n\t\t\t\t\t<h3 class=\"elementor-heading-title elementor-size-default\">Studio Valere freut sich darauf, mit Ihnen zu arbeiten\n<\/h3>\t\t\t\t<\/div>\n\t\t\t\t<\/div>\n\t\t\t\t\t<\/div>\n\t\t<\/div>\n\t\t\t\t\t<\/div>\n\t\t<\/section>\n\t\t\t\t\t<\/div>\n\t\t<\/div>\n\t\t\t\t\t<\/div>\n\t\t<\/section>\n\t\t\t\t<section class=\"elementor-section elementor-top-section elementor-element elementor-element-313f968 elementor-section-boxed elementor-section-height-default elementor-section-height-default\" data-id=\"313f968\" data-element_type=\"section\">\n\t\t\t\t\t\t<div class=\"elementor-container elementor-column-gap-default\">\n\t\t\t\t\t<div class=\"elementor-column elementor-col-50 elementor-top-column elementor-element elementor-element-5d26755\" data-id=\"5d26755\" data-element_type=\"column\" data-settings=\"{&quot;background_background&quot;:&quot;classic&quot;}\">\n\t\t\t<div class=\"elementor-widget-wrap elementor-element-populated\">\n\t\t\t\t\t\t<section class=\"elementor-section elementor-inner-section elementor-element elementor-element-d4c4c64 elementor-section-boxed elementor-section-height-default elementor-section-height-default\" data-id=\"d4c4c64\" data-element_type=\"section\">\n\t\t\t\t\t\t<div class=\"elementor-container elementor-column-gap-default\">\n\t\t\t\t\t<div class=\"elementor-column elementor-col-100 elementor-inner-column elementor-element elementor-element-b5058da\" data-id=\"b5058da\" data-element_type=\"column\">\n\t\t\t<div class=\"elementor-widget-wrap elementor-element-populated\">\n\t\t\t\t\t\t<div class=\"elementor-element elementor-element-659919a elementor-widget elementor-widget-text-editor\" data-id=\"659919a\" data-element_type=\"widget\" data-widget_type=\"text-editor.default\">\n\t\t\t\t<div class=\"elementor-widget-container\">\n\t\t\t\t\t\t\t\t\t<p>Studio Valere bietet wertvolle L\u00f6sungen, um Ihr Unternehmen oder Ihr Projekt zu st\u00e4rken. <strong><br \/><\/strong><\/p><p><strong>\u00a0<\/strong><\/p><p>Professionelle<strong> Sprachdienstleistungen aus dem Deutschen, Englischen und Franz\u00f6sischen ins Italienische. <\/strong>Insbesondere f\u00fcr<strong> technische \u00dcbersetzungen, kreative \u00dcbersetzungen, beglaubigte \u00dcbersetzungen, Lektorat und Bearbeitung von Inhalten in Italienisch.<\/strong><\/p>\t\t\t\t\t\t\t\t<\/div>\n\t\t\t\t<\/div>\n\t\t\t\t<div class=\"elementor-element elementor-element-13320c4 elementor-widget elementor-widget-text-editor\" data-id=\"13320c4\" data-element_type=\"widget\" data-widget_type=\"text-editor.default\">\n\t\t\t\t<div class=\"elementor-widget-container\">\n\t\t\t\t\t\t\t\t\t<p>Haben Sie noch Fragen oder darf ich Ihnen ein <strong>unverbindliches Angebot <\/strong>erstellen?<\/p>\t\t\t\t\t\t\t\t<\/div>\n\t\t\t\t<\/div>\n\t\t\t\t<div class=\"elementor-element elementor-element-45997d4 elementor-widget elementor-widget-text-editor\" data-id=\"45997d4\" data-element_type=\"widget\" data-widget_type=\"text-editor.default\">\n\t\t\t\t<div class=\"elementor-widget-container\">\n\t\t\t\t\t\t\t\t\t<p>Schreiben Sie mir oder rufen Sie mich an.<\/p>\t\t\t\t\t\t\t\t<\/div>\n\t\t\t\t<\/div>\n\t\t\t\t<div class=\"elementor-element elementor-element-5f26b79 elementor-widget elementor-widget-text-editor\" data-id=\"5f26b79\" data-element_type=\"widget\" data-widget_type=\"text-editor.default\">\n\t\t\t\t<div class=\"elementor-widget-container\">\n\t\t\t\t\t\t\t\t\t<p>Ich werde mich in K\u00fcrze bei Ihnen melden. Und wir k\u00f6nnen sofort mit der Arbeit beginnen.<\/p>\t\t\t\t\t\t\t\t<\/div>\n\t\t\t\t<\/div>\n\t\t\t\t<div class=\"elementor-element elementor-element-85252c9 elementor-widget elementor-widget-image\" data-id=\"85252c9\" data-element_type=\"widget\" data-widget_type=\"image.default\">\n\t\t\t\t<div class=\"elementor-widget-container\">\n\t\t\t\t\t\t\t\t\t\t\t\t\t\t\t<img decoding=\"async\" width=\"400\" height=\"104\" src=\"https:\/\/studiovalere.com\/wp-content\/uploads\/2020\/01\/sv-logo.png\" class=\"attachment-large size-large wp-image-10357\" alt=\"\" srcset=\"https:\/\/studiovalere.com\/wp-content\/uploads\/2020\/01\/sv-logo.png 400w, https:\/\/studiovalere.com\/wp-content\/uploads\/2020\/01\/sv-logo-300x78.png 300w\" sizes=\"(max-width: 400px) 100vw, 400px\" \/>\t\t\t\t\t\t\t\t\t\t\t\t\t\t\t<\/div>\n\t\t\t\t<\/div>\n\t\t\t\t<div class=\"elementor-element elementor-element-67ffc68 elementor-widget elementor-widget-image\" data-id=\"67ffc68\" data-element_type=\"widget\" data-widget_type=\"image.default\">\n\t\t\t\t<div class=\"elementor-widget-container\">\n\t\t\t\t\t\t\t\t\t\t\t\t\t\t\t<img decoding=\"async\" width=\"150\" height=\"150\" src=\"https:\/\/studiovalere.com\/wp-content\/uploads\/2022\/03\/Logo-Socio-Ordinario-sfondo-trasparente-1-150x150.png\" class=\"attachment-thumbnail size-thumbnail wp-image-12247\" alt=\"AITI Vollmitglied\" srcset=\"https:\/\/studiovalere.com\/wp-content\/uploads\/2022\/03\/Logo-Socio-Ordinario-sfondo-trasparente-1-150x150.png 150w, https:\/\/studiovalere.com\/wp-content\/uploads\/2022\/03\/elementor\/thumbs\/Logo-Socio-Ordinario-sfondo-trasparente-1-r05dbghm9r5v3gyg9oknnm7j6tw1b8n7s42x8g784o.png 100w\" sizes=\"(max-width: 150px) 100vw, 150px\" \/>\t\t\t\t\t\t\t\t\t\t\t\t\t\t\t<\/div>\n\t\t\t\t<\/div>\n\t\t\t\t<div class=\"elementor-element elementor-element-b9cee43 elementor-widget elementor-widget-heading\" data-id=\"b9cee43\" data-element_type=\"widget\" data-widget_type=\"heading.default\">\n\t\t\t\t<div class=\"elementor-widget-container\">\n\t\t\t\t\t<h4 class=\"elementor-heading-title elementor-size-default\"><br>Studio Valere di Valeria Mazza\nSprachdienstleistungen <\/h4>\t\t\t\t<\/div>\n\t\t\t\t<\/div>\n\t\t\t\t<div class=\"elementor-element elementor-element-6df3b65 elementor-widget elementor-widget-text-editor\" data-id=\"6df3b65\" data-element_type=\"widget\" data-widget_type=\"text-editor.default\">\n\t\t\t\t<div class=\"elementor-widget-container\">\n\t\t\t\t\t\t\t\t\t<p><strong>B\u00fcro:<\/strong> Mailand \/ Italien<br \/><strong>Mobilnummer:<\/strong> +39 339 1275178<br \/><strong>E-mail:<\/strong> <img decoding=\"async\" style=\"margin-top: -1px;\" src=\"https:\/\/studiovalere.com\/wp-content\/uploads\/2023\/10\/mail1.jpg\" \/><\/p><p><strong>VAT:<\/strong> IT02584480343<br \/><strong>AITI Vollmitglied <\/strong>Nr. 212035<\/p><p>Professionelle freiberufliche \u00dcbersetzerin gem\u00e4\u00df Gesetz Nr. 4 vom 14.01.13, ver\u00f6ffentlicht in \u201cGazzetta Ufficiale\u201d Nr. 22 vom 26.01.2013<\/p>\t\t\t\t\t\t\t\t<\/div>\n\t\t\t\t<\/div>\n\t\t\t\t<div class=\"elementor-element elementor-element-01f77a3 elementor-widget elementor-widget-image\" data-id=\"01f77a3\" data-element_type=\"widget\" data-widget_type=\"image.default\">\n\t\t\t\t<div class=\"elementor-widget-container\">\n\t\t\t\t\t\t\t\t\t\t\t\t\t\t\t\t<a href=\"https:\/\/www.proz.com\/translator\/96755\" target=\"_blank\">\n\t\t\t\t\t\t\t<img decoding=\"async\" width=\"50\" height=\"50\" src=\"https:\/\/studiovalere.com\/wp-content\/uploads\/2019\/09\/proz.png\" class=\"attachment-large size-large wp-image-10648\" alt=\"\" \/>\t\t\t\t\t\t\t\t<\/a>\n\t\t\t\t\t\t\t\t\t\t\t\t\t\t\t<\/div>\n\t\t\t\t<\/div>\n\t\t\t\t<div class=\"elementor-element elementor-element-6a9b272 elementor-widget elementor-widget-image\" data-id=\"6a9b272\" data-element_type=\"widget\" data-widget_type=\"image.default\">\n\t\t\t\t<div class=\"elementor-widget-container\">\n\t\t\t\t\t\t\t\t\t\t\t\t\t\t\t\t<a href=\"https:\/\/www.linkedin.com\/in\/valeria-mazza-5919572\/?locale=it_IT\" target=\"_blank\">\n\t\t\t\t\t\t\t<img loading=\"lazy\" decoding=\"async\" width=\"50\" height=\"50\" src=\"https:\/\/studiovalere.com\/wp-content\/uploads\/2019\/09\/linkedin.png\" class=\"attachment-large size-large wp-image-10647\" alt=\"\" \/>\t\t\t\t\t\t\t\t<\/a>\n\t\t\t\t\t\t\t\t\t\t\t\t\t\t\t<\/div>\n\t\t\t\t<\/div>\n\t\t\t\t\t<\/div>\n\t\t<\/div>\n\t\t\t\t\t<\/div>\n\t\t<\/section>\n\t\t\t\t\t<\/div>\n\t\t<\/div>\n\t\t\t\t<div class=\"elementor-column elementor-col-50 elementor-top-column elementor-element elementor-element-ccc0eb6\" data-id=\"ccc0eb6\" data-element_type=\"column\">\n\t\t\t<div class=\"elementor-widget-wrap elementor-element-populated\">\n\t\t\t\t\t\t<div class=\"elementor-element elementor-element-c123f4c elementor-widget elementor-widget-void-section-cf7\" data-id=\"c123f4c\" data-element_type=\"widget\" data-widget_type=\"void-section-cf7.default\">\n\t\t\t\t<div class=\"elementor-widget-container\">\n\t\t\t\t\t<div class=\"void-cf7-form-widget-wrapper elementor-shortcode void-cf7-0\" data-void-cf7-contact-form-id=\"11530\">\n<div class=\"wpcf7 no-js\" id=\"wpcf7-f11530-o1\" lang=\"en-US\" dir=\"ltr\" data-wpcf7-id=\"11530\">\n<div class=\"screen-reader-response\"><p role=\"status\" aria-live=\"polite\" aria-atomic=\"true\"><\/p> <ul><\/ul><\/div>\n<form action=\"\/de\/wp-json\/wp\/v2\/pages\/11527#wpcf7-f11530-o1\" method=\"post\" class=\"wpcf7-form init\" aria-label=\"Contact form\" novalidate=\"novalidate\" data-status=\"init\">\n<div style=\"display: none;\">\n<input type=\"hidden\" name=\"_wpcf7\" value=\"11530\" \/>\n<input type=\"hidden\" name=\"_wpcf7_version\" value=\"6.0.3\" \/>\n<input type=\"hidden\" name=\"_wpcf7_locale\" value=\"en_US\" \/>\n<input type=\"hidden\" name=\"_wpcf7_unit_tag\" value=\"wpcf7-f11530-o1\" \/>\n<input type=\"hidden\" name=\"_wpcf7_container_post\" value=\"0\" \/>\n<input type=\"hidden\" name=\"_wpcf7_posted_data_hash\" value=\"\" \/>\n<\/div>\n<div class=\"contact-us\">\n\t<div class=\"row\">\n\t\t<div class=\"col-md-12\">\n\t\t\t<p><span class=\"wpcf7-form-control-wrap\" data-name=\"text-970\"><input size=\"40\" maxlength=\"400\" class=\"wpcf7-form-control wpcf7-text wpcf7-validates-as-required\" aria-required=\"true\" aria-invalid=\"false\" placeholder=\"Kontaktdaten\" value=\"\" type=\"text\" name=\"text-970\" \/><\/span>\n\t\t\t<\/p>\n\t\t<\/div>\n\t\t<div class=\"col-md-6\">\n\t\t\t<p><span class=\"wpcf7-form-control-wrap\" data-name=\"email-66\"><input size=\"40\" maxlength=\"400\" class=\"wpcf7-form-control wpcf7-email wpcf7-validates-as-required wpcf7-text wpcf7-validates-as-email\" aria-required=\"true\" aria-invalid=\"false\" placeholder=\"E-Mail-Adresse\" value=\"\" type=\"email\" name=\"email-66\" \/><\/span>\n\t\t\t<\/p>\n\t\t<\/div>\n\t\t<div class=\"col-md-6\">\n\t\t\t<p><span class=\"wpcf7-form-control-wrap\" data-name=\"text-262\"><input size=\"40\" maxlength=\"400\" class=\"wpcf7-form-control wpcf7-text\" aria-invalid=\"false\" placeholder=\"Telefonnummer\" value=\"\" type=\"text\" name=\"text-262\" \/><\/span>\n\t\t\t<\/p>\n\t\t<\/div>\n\t\t<div class=\"col-md-12\">\n\t\t\t<p><span class=\"wpcf7-form-control-wrap\" data-name=\"textarea-669\"><textarea cols=\"40\" rows=\"10\" maxlength=\"2000\" class=\"wpcf7-form-control wpcf7-textarea wpcf7-validates-as-required\" aria-required=\"true\" aria-invalid=\"false\" placeholder=\"Nachricht\" name=\"textarea-669\"><\/textarea><\/span>\n\t\t\t<\/p>\n\t\t<\/div>\n\t\t<div class=\"col-md-12\">\n\t\t\t<p><span class=\"wpcf7-form-control-wrap kc_captcha\" data-name=\"kc_captcha\"><span class=\"wpcf7-form-control wpcf7-radio\"><span class=\"captcha-image\" ><span class=\"cf7ic_instructions\">Please prove you are human by selecting the<span> tree<\/span>.<\/span><label><input aria-label=\"1\" type=\"radio\" name=\"kc_captcha\" value=\"bot\" \/><svg width=\"50\" height=\"50\" aria-hidden=\"true\" role=\"img\" xmlns=\"http:\/\/www.w3.org\/2000\/svg\" viewBox=\"0 0 512 512\"><path fill=\"currentColor\" d=\"M350 99c-54 0-98-35-166-35-25 0-47 4-68 12a56 56 0 004-24C118 24 95 1 66 0a56 56 0 00-34 102v386c0 13 11 24 24 24h16c13 0 24-11 24-24v-94c28-12 64-23 114-23 54 0 98 35 166 35 48 0 86-16 122-41 9-6 14-15 14-26V96c0-23-24-39-45-29-35 16-77 32-117 32z\"\/><\/svg><\/label><label><input aria-label=\"2\" type=\"radio\" name=\"kc_captcha\" value=\"bot\" \/><svg width=\"50\" height=\"50\" aria-hidden=\"true\" role=\"img\" xmlns=\"http:\/\/www.w3.org\/2000\/svg\" viewBox=\"0 0 512 512\"><path fill=\"currentColor\" d=\"M512 176a176 176 0 01-209 173l-24 27a24 24 0 01-18 8h-37v40c0 13-11 24-24 24h-40v40c0 13-11 24-24 24H24c-13 0-24-11-24-24v-78c0-6 3-13 7-17l162-162a176 176 0 11343-55zm-176-48a48 48 0 1096 0 48 48 0 00-96 0z\"\/><\/svg><\/label><label><input aria-label=\"3\" type=\"radio\" name=\"kc_captcha\" value=\"kc_human\" \/><svg width=\"50\" height=\"50\" aria-hidden=\"true\" role=\"img\" xmlns=\"http:\/\/www.w3.org\/2000\/svg\" viewBox=\"0 0 384 512\"><path fill=\"currentColor\" d=\"M377 375l-83-87h34c21 0 32-25 17-40l-82-88h33c21 0 32-25 18-40L210 8c-10-11-26-11-36 0L70 120c-14 15-3 40 18 40h33l-82 88c-15 15-4 40 17 40h34L7 375c-15 16-4 41 17 41h120c0 33-11 49-34 68-12 9-5 28 10 28h144c15 0 22-19 10-28-20-16-34-32-34-68h120c21 0 32-25 17-41z\"\/><\/svg><\/label>\r\n    <\/span>\r\n    <span style=\"display:none\">\r\n        <input type=\"text\" name=\"kc_honeypot\">\r\n    <\/span><\/span><\/span>\n\t\t\t<\/p>\n\t\t<\/div>\n\t\t<div class=\"col-md-12\">\n\t\t\t<div class=\"subscribe-btn\">\n\t\t\t\t<p><span class=\"btn-line-holder\"><\/span><input class=\"wpcf7-form-control wpcf7-submit has-spinner\" type=\"submit\" value=\"Senden\" \/>\n\t\t\t\t<\/p>\n\t\t\t<\/div>\n\t\t<\/div>\n\t<\/div>\n<\/div><div class=\"wpcf7-response-output\" aria-hidden=\"true\"><\/div>\n<\/form>\n<\/div>\n<\/div> \t\t\t<script>\r\n \t\t\t        var theform = document.querySelector('.void-cf7-0');\r\n\t\t\t\t\t\ttheform.addEventListener( 'wpcf7mailsent', function( event ) {\r\n\t\t\t\t\t    location = 'https:\/\/studiovalere.com\/de\/kontakt\/';\r\n\t\t\t\t\t}, false );\r\n\t\t\t<\/script>\r\n\r\n\t\t\t\t\t\t<\/div>\n\t\t\t\t<\/div>\n\t\t\t\t\t<\/div>\n\t\t<\/div>\n\t\t\t\t\t<\/div>\n\t\t<\/section>\n\t\t\t\t<\/div>\n\t\t","protected":false},"excerpt":{"rendered":"<p>Kontakt Studio Valere freut sich darauf, mit Ihnen zu arbeiten Studio Valere bietet wertvolle L\u00f6sungen, um Ihr Unternehmen oder Ihr Projekt zu st\u00e4rken. \u00a0 Professionelle Sprachdienstleistungen aus dem Deutschen, Englischen und Franz\u00f6sischen ins Italienische. Insbesondere f\u00fcr technische \u00dcbersetzungen, kreative \u00dcbersetzungen, beglaubigte \u00dcbersetzungen, Lektorat und Bearbeitung von Inhalten in Italienisch. Haben Sie noch Fragen oder darf [&hellip;]<\/p>\n","protected":false},"author":1,"featured_media":0,"parent":0,"menu_order":0,"comment_status":"closed","ping_status":"closed","template":"elementor_header_footer","meta":{"footnotes":""},"class_list":["post-11527","page","type-page","status-publish","hentry"],"yoast_head":"<!-- This site is optimized with the Yoast SEO plugin v24.3 - https:\/\/yoast.com\/wordpress\/plugins\/seo\/ -->\n<title>Sprachdienstleistungen - Deutsch, Englisch, Franz\u00f6sisch &gt; Italienisch<\/title>\n<meta name=\"description\" content=\"Wenden Sie sich noch heute an Studio Valere, wenn Sie \u00dcbersetzungen aus dem Deutschen, Englischen und Franz\u00f6sischen ins Italienische ben\u00f6tigen.\" \/>\n<meta name=\"robots\" content=\"index, follow, max-snippet:-1, max-image-preview:large, max-video-preview:-1\" \/>\n<link rel=\"canonical\" href=\"https:\/\/studiovalere.com\/it\/contatti\/\" \/>\n<meta property=\"og:locale\" content=\"de_DE\" \/>\n<meta property=\"og:type\" content=\"article\" \/>\n<meta property=\"og:title\" content=\"Sprachdienstleistungen - Deutsch, Englisch, Franz\u00f6sisch &gt; Italienisch\" \/>\n<meta property=\"og:description\" content=\"Wenden Sie sich noch heute an Studio Valere, wenn Sie \u00dcbersetzungen aus dem Deutschen, Englischen und Franz\u00f6sischen ins Italienische ben\u00f6tigen.\" \/>\n<meta property=\"og:url\" content=\"https:\/\/studiovalere.com\/it\/contatti\/\" \/>\n<meta property=\"og:site_name\" content=\"Studio Valere\" \/>\n<meta property=\"article:modified_time\" content=\"2023-10-27T08:11:53+00:00\" \/>\n<meta property=\"og:image\" content=\"https:\/\/studiovalere.com\/wp-content\/uploads\/2020\/01\/sv-logo.png\" \/>\n<meta name=\"twitter:card\" content=\"summary_large_image\" \/>\n<meta name=\"twitter:label1\" content=\"Gesch\u00e4tzte Lesezeit\" \/>\n\t<meta name=\"twitter:data1\" content=\"2\u00a0Minuten\" \/>\n<script type=\"application\/ld+json\" class=\"yoast-schema-graph\">{\"@context\":\"https:\/\/schema.org\",\"@graph\":[{\"@type\":\"WebPage\",\"@id\":\"https:\/\/studiovalere.com\/it\/contatti\/\",\"url\":\"https:\/\/studiovalere.com\/it\/contatti\/\",\"name\":\"Sprachdienstleistungen - Deutsch, Englisch, Franz\u00f6sisch > Italienisch\",\"isPartOf\":{\"@id\":\"https:\/\/studiovalere.com\/#website\"},\"primaryImageOfPage\":{\"@id\":\"https:\/\/studiovalere.com\/it\/contatti\/#primaryimage\"},\"image\":{\"@id\":\"https:\/\/studiovalere.com\/it\/contatti\/#primaryimage\"},\"thumbnailUrl\":\"https:\/\/studiovalere.com\/wp-content\/uploads\/2020\/01\/sv-logo.png\",\"datePublished\":\"2019-11-12T13:14:07+00:00\",\"dateModified\":\"2023-10-27T08:11:53+00:00\",\"description\":\"Wenden Sie sich noch heute an Studio Valere, wenn Sie \u00dcbersetzungen aus dem Deutschen, Englischen und Franz\u00f6sischen ins Italienische ben\u00f6tigen.\",\"breadcrumb\":{\"@id\":\"https:\/\/studiovalere.com\/it\/contatti\/#breadcrumb\"},\"inLanguage\":\"de\",\"potentialAction\":[{\"@type\":\"ReadAction\",\"target\":[\"https:\/\/studiovalere.com\/it\/contatti\/\"]}]},{\"@type\":\"ImageObject\",\"inLanguage\":\"de\",\"@id\":\"https:\/\/studiovalere.com\/it\/contatti\/#primaryimage\",\"url\":\"https:\/\/studiovalere.com\/wp-content\/uploads\/2020\/01\/sv-logo.png\",\"contentUrl\":\"https:\/\/studiovalere.com\/wp-content\/uploads\/2020\/01\/sv-logo.png\"},{\"@type\":\"BreadcrumbList\",\"@id\":\"https:\/\/studiovalere.com\/it\/contatti\/#breadcrumb\",\"itemListElement\":[{\"@type\":\"ListItem\",\"position\":1,\"name\":\"Home\",\"item\":\"https:\/\/studiovalere.com\/de\/\"},{\"@type\":\"ListItem\",\"position\":2,\"name\":\"Kontakt\"}]},{\"@type\":\"WebSite\",\"@id\":\"https:\/\/studiovalere.com\/#website\",\"url\":\"https:\/\/studiovalere.com\/\",\"name\":\"Studio Valere\",\"description\":\"Effective Italian translations\",\"potentialAction\":[{\"@type\":\"SearchAction\",\"target\":{\"@type\":\"EntryPoint\",\"urlTemplate\":\"https:\/\/studiovalere.com\/?s={search_term_string}\"},\"query-input\":{\"@type\":\"PropertyValueSpecification\",\"valueRequired\":true,\"valueName\":\"search_term_string\"}}],\"inLanguage\":\"de\"}]}<\/script>\n<!-- \/ Yoast SEO plugin. -->","yoast_head_json":{"title":"Sprachdienstleistungen - Deutsch, Englisch, Franz\u00f6sisch > Italienisch","description":"Wenden Sie sich noch heute an Studio Valere, wenn Sie \u00dcbersetzungen aus dem Deutschen, Englischen und Franz\u00f6sischen ins Italienische ben\u00f6tigen.","robots":{"index":"index","follow":"follow","max-snippet":"max-snippet:-1","max-image-preview":"max-image-preview:large","max-video-preview":"max-video-preview:-1"},"canonical":"https:\/\/studiovalere.com\/it\/contatti\/","og_locale":"de_DE","og_type":"article","og_title":"Sprachdienstleistungen - Deutsch, Englisch, Franz\u00f6sisch > Italienisch","og_description":"Wenden Sie sich noch heute an Studio Valere, wenn Sie \u00dcbersetzungen aus dem Deutschen, Englischen und Franz\u00f6sischen ins Italienische ben\u00f6tigen.","og_url":"https:\/\/studiovalere.com\/it\/contatti\/","og_site_name":"Studio Valere","article_modified_time":"2023-10-27T08:11:53+00:00","og_image":[{"url":"https:\/\/studiovalere.com\/wp-content\/uploads\/2020\/01\/sv-logo.png","type":"","width":"","height":""}],"twitter_card":"summary_large_image","twitter_misc":{"Gesch\u00e4tzte Lesezeit":"2\u00a0Minuten"},"schema":{"@context":"https:\/\/schema.org","@graph":[{"@type":"WebPage","@id":"https:\/\/studiovalere.com\/it\/contatti\/","url":"https:\/\/studiovalere.com\/it\/contatti\/","name":"Sprachdienstleistungen - Deutsch, Englisch, Franz\u00f6sisch > Italienisch","isPartOf":{"@id":"https:\/\/studiovalere.com\/#website"},"primaryImageOfPage":{"@id":"https:\/\/studiovalere.com\/it\/contatti\/#primaryimage"},"image":{"@id":"https:\/\/studiovalere.com\/it\/contatti\/#primaryimage"},"thumbnailUrl":"https:\/\/studiovalere.com\/wp-content\/uploads\/2020\/01\/sv-logo.png","datePublished":"2019-11-12T13:14:07+00:00","dateModified":"2023-10-27T08:11:53+00:00","description":"Wenden Sie sich noch heute an Studio Valere, wenn Sie \u00dcbersetzungen aus dem Deutschen, Englischen und Franz\u00f6sischen ins Italienische ben\u00f6tigen.","breadcrumb":{"@id":"https:\/\/studiovalere.com\/it\/contatti\/#breadcrumb"},"inLanguage":"de","potentialAction":[{"@type":"ReadAction","target":["https:\/\/studiovalere.com\/it\/contatti\/"]}]},{"@type":"ImageObject","inLanguage":"de","@id":"https:\/\/studiovalere.com\/it\/contatti\/#primaryimage","url":"https:\/\/studiovalere.com\/wp-content\/uploads\/2020\/01\/sv-logo.png","contentUrl":"https:\/\/studiovalere.com\/wp-content\/uploads\/2020\/01\/sv-logo.png"},{"@type":"BreadcrumbList","@id":"https:\/\/studiovalere.com\/it\/contatti\/#breadcrumb","itemListElement":[{"@type":"ListItem","position":1,"name":"Home","item":"https:\/\/studiovalere.com\/de\/"},{"@type":"ListItem","position":2,"name":"Kontakt"}]},{"@type":"WebSite","@id":"https:\/\/studiovalere.com\/#website","url":"https:\/\/studiovalere.com\/","name":"Studio Valere","description":"Effective Italian translations","potentialAction":[{"@type":"SearchAction","target":{"@type":"EntryPoint","urlTemplate":"https:\/\/studiovalere.com\/?s={search_term_string}"},"query-input":{"@type":"PropertyValueSpecification","valueRequired":true,"valueName":"search_term_string"}}],"inLanguage":"de"}]}},"_links":{"self":[{"href":"https:\/\/studiovalere.com\/de\/wp-json\/wp\/v2\/pages\/11527","targetHints":{"allow":["GET"]}}],"collection":[{"href":"https:\/\/studiovalere.com\/de\/wp-json\/wp\/v2\/pages"}],"about":[{"href":"https:\/\/studiovalere.com\/de\/wp-json\/wp\/v2\/types\/page"}],"author":[{"embeddable":true,"href":"https:\/\/studiovalere.com\/de\/wp-json\/wp\/v2\/users\/1"}],"replies":[{"embeddable":true,"href":"https:\/\/studiovalere.com\/de\/wp-json\/wp\/v2\/comments?post=11527"}],"version-history":[{"count":17,"href":"https:\/\/studiovalere.com\/de\/wp-json\/wp\/v2\/pages\/11527\/revisions"}],"predecessor-version":[{"id":12515,"href":"https:\/\/studiovalere.com\/de\/wp-json\/wp\/v2\/pages\/11527\/revisions\/12515"}],"wp:attachment":[{"href":"https:\/\/studiovalere.com\/de\/wp-json\/wp\/v2\/media?parent=11527"}],"curies":[{"name":"wp","href":"https:\/\/api.w.org\/{rel}","templated":true}]}}